{"id":218,"date":"2018-03-24T21:35:30","date_gmt":"2018-03-24T20:35:30","guid":{"rendered":"https:\/\/www.wilflingseder.work\/?page_id=218"},"modified":"2018-04-03T12:47:20","modified_gmt":"2018-04-03T11:47:20","slug":"trinksprueche-amazon-alexa-skill","status":"publish","type":"page","link":"https:\/\/www.wilflingseder.work\/de\/trinksprueche-amazon-alexa-skill\/","title":{"rendered":"Trinkspr\u00fcche Amazon Alexa Skill"},"content":{"rendered":"<p>Der Amazon Alexa Skill <strong>Trinkspr\u00fcche \u00d6sterreich<\/strong> gibt dem Benutzer klassische, \u00f6sterreichische Trinkspr\u00fcche via Sprachausgabe aus. Der Alexa Skill<\/p>\n<p>unterst\u00fctzt auch <em>Echo Show und Echo Spot Ger\u00e4te<\/em>, wobei zu den Trinkspr\u00fcchen immer passende Bilder angezeigt werden.<\/p>\n<h4>Download Skill:<\/h4>\n<p><img loading=\"lazy\" decoding=\"async\" class=\"alignright wp-image-234 size-full\" src=\"https:\/\/www.wilflingseder.work\/wp-content\/uploads\/2018\/04\/2018-04-03_13h46_22.png\" alt=\"\" width=\"190\" height=\"220\" \/><\/p>\n<p><a href=\"https:\/\/www.amazon.de\/dp\/B07BPCJHQT\">amazon.de\/dp\/B07BPCJHQT<\/a><\/p>\n<h4>Privacy policy:<\/h4>\n<p>Dieser Skill sammelt keine benutzerbezogenen Daten.<\/p>\n<h4>Terms of use:<\/h4>\n<p>Es gibt keine Einschr\u00e4nkungen in der Benutzung dieses Skills.<\/p>\n<p>&nbsp;<\/p>\n<h5>Credits:<\/h5>\n<p>Das Skill Icon wurde von\u00a0<a href=\"https:\/\/www.yumminky.com\/\">www.yumminky.com<\/a> bereitgestellt.<\/p>\n","protected":false},"excerpt":{"rendered":"<p>Der Amazon Alexa Skill Trinkspr\u00fcche \u00d6sterreich gibt dem Benutzer klassische, \u00f6sterreichische Trinkspr\u00fcche via Sprachausgabe aus. Der Alexa Skill unterst\u00fctzt auch Echo Show und Echo Spot Ger\u00e4te, wobei zu den Trinkspr\u00fcchen immer passende Bilder angezeigt werden. Download Skill: amazon.de\/dp\/B07BPCJHQT Privacy policy: Dieser Skill sammelt keine benutzerbezogenen Daten. Terms of use: Es gibt keine Einschr\u00e4nkungen in der<a href=\"https:\/\/www.wilflingseder.work\/de\/trinksprueche-amazon-alexa-skill\/\">[&#8230;]<\/a><\/p>\n","protected":false},"author":1,"featured_media":0,"parent":0,"menu_order":0,"comment_status":"closed","ping_status":"closed","template":"","meta":{"_exactmetrics_skip_tracking":false,"_exactmetrics_sitenote_active":false,"_exactmetrics_sitenote_note":"","_exactmetrics_sitenote_category":0,"footnotes":""},"class_list":["post-218","page","type-page","status-publish","hentry"],"translation":{"provider":"WPGlobus","version":"3.0.0","language":"de","enabled_languages":["en","de"],"languages":{"en":{"title":true,"content":true,"excerpt":false},"de":{"title":true,"content":true,"excerpt":false}}},"yoast_head":"<!-- This site is optimized with the Yoast SEO plugin v24.5 - https:\/\/yoast.com\/wordpress\/plugins\/seo\/ -->\n<title>Trinkspr\u00fcche Amazon Alexa Skill - Wilflingseder Fabian<\/title>\n<meta name=\"robots\" content=\"index, follow, max-snippet:-1, max-image-preview:large, max-video-preview:-1\" \/>\n<link rel=\"canonical\" href=\"https:\/\/www.wilflingseder.work\/trinksprueche-amazon-alexa-skill\/\" \/>\n<meta property=\"og:locale\" content=\"de_DE\" \/>\n<meta property=\"og:type\" content=\"article\" \/>\n<meta property=\"og:title\" content=\"Trinkspr\u00fcche Amazon Alexa Skill - Wilflingseder Fabian\" \/>\n<meta property=\"og:url\" content=\"https:\/\/www.wilflingseder.work\/trinksprueche-amazon-alexa-skill\/\" \/>\n<meta property=\"og:site_name\" content=\"Wilflingseder Fabian\" \/>\n<meta property=\"article:publisher\" content=\"https:\/\/www.facebook.com\/fabian.wilflingseder\" \/>\n<meta property=\"article:modified_time\" content=\"2018-04-03T11:47:20+00:00\" \/>\n<meta property=\"og:image\" content=\"https:\/\/www.wilflingseder.work\/wp-content\/uploads\/2018\/04\/2018-04-03_13h46_22.png\" \/>\n<meta name=\"twitter:card\" content=\"summary_large_image\" \/>\n<meta name=\"twitter:label1\" content=\"Gesch\u00e4tzte Lesezeit\" \/>\n\t<meta name=\"twitter:data1\" content=\"1\u00a0Minute\" \/>\n<script type=\"application\/ld+json\" class=\"yoast-schema-graph\">{\"@context\":\"https:\/\/schema.org\",\"@graph\":[{\"@type\":\"WebPage\",\"@id\":\"https:\/\/www.wilflingseder.work\/trinksprueche-amazon-alexa-skill\/\",\"url\":\"https:\/\/www.wilflingseder.work\/trinksprueche-amazon-alexa-skill\/\",\"name\":\"Trinkspr\u00fcche Amazon Alexa Skill - Wilflingseder Fabian\",\"isPartOf\":{\"@id\":\"https:\/\/www.wilflingseder.work\/de\/#website\"},\"primaryImageOfPage\":{\"@id\":\"https:\/\/www.wilflingseder.work\/trinksprueche-amazon-alexa-skill\/#primaryimage\"},\"image\":{\"@id\":\"https:\/\/www.wilflingseder.work\/trinksprueche-amazon-alexa-skill\/#primaryimage\"},\"thumbnailUrl\":\"https:\/\/www.wilflingseder.work\/wp-content\/uploads\/2018\/04\/2018-04-03_13h46_22.png\",\"datePublished\":\"2018-03-24T20:35:30+00:00\",\"dateModified\":\"2018-04-03T11:47:20+00:00\",\"breadcrumb\":{\"@id\":\"https:\/\/www.wilflingseder.work\/trinksprueche-amazon-alexa-skill\/#breadcrumb\"},\"inLanguage\":\"de\",\"potentialAction\":[{\"@type\":\"ReadAction\",\"target\":[\"https:\/\/www.wilflingseder.work\/trinksprueche-amazon-alexa-skill\/\"]}]},{\"@type\":\"ImageObject\",\"inLanguage\":\"de\",\"@id\":\"https:\/\/www.wilflingseder.work\/trinksprueche-amazon-alexa-skill\/#primaryimage\",\"url\":\"https:\/\/www.wilflingseder.work\/wp-content\/uploads\/2018\/04\/2018-04-03_13h46_22.png\",\"contentUrl\":\"https:\/\/www.wilflingseder.work\/wp-content\/uploads\/2018\/04\/2018-04-03_13h46_22.png\"},{\"@type\":\"BreadcrumbList\",\"@id\":\"https:\/\/www.wilflingseder.work\/trinksprueche-amazon-alexa-skill\/#breadcrumb\",\"itemListElement\":[{\"@type\":\"ListItem\",\"position\":1,\"name\":\"Startseite\",\"item\":\"https:\/\/www.wilflingseder.work\/de\/\"},{\"@type\":\"ListItem\",\"position\":2,\"name\":\"Trinkspr\u00fcche Amazon Alexa Skill\"}]},{\"@type\":\"WebSite\",\"@id\":\"https:\/\/www.wilflingseder.work\/de\/#website\",\"url\":\"https:\/\/www.wilflingseder.work\/de\/\",\"name\":\"Wilflingseder Fabian\",\"description\":\"4681 Rottenbach\",\"publisher\":{\"@id\":\"https:\/\/www.wilflingseder.work\/de\/#organization\"},\"potentialAction\":[{\"@type\":\"SearchAction\",\"target\":{\"@type\":\"EntryPoint\",\"urlTemplate\":\"https:\/\/www.wilflingseder.work\/de\/?s={search_term_string}\"},\"query-input\":{\"@type\":\"PropertyValueSpecification\",\"valueRequired\":true,\"valueName\":\"search_term_string\"}}],\"inLanguage\":\"de\"},{\"@type\":\"Organization\",\"@id\":\"https:\/\/www.wilflingseder.work\/de\/#organization\",\"name\":\"Wilflingseder Fabian\",\"url\":\"https:\/\/www.wilflingseder.work\/de\/\",\"logo\":{\"@type\":\"ImageObject\",\"inLanguage\":\"de\",\"@id\":\"https:\/\/www.wilflingseder.work\/de\/#\/schema\/logo\/image\/\",\"url\":\"https:\/\/www.wilflingseder.work\/wp-content\/uploads\/2019\/01\/fw_logo.png\",\"contentUrl\":\"https:\/\/www.wilflingseder.work\/wp-content\/uploads\/2019\/01\/fw_logo.png\",\"width\":153,\"height\":153,\"caption\":\"Wilflingseder Fabian\"},\"image\":{\"@id\":\"https:\/\/www.wilflingseder.work\/de\/#\/schema\/logo\/image\/\"},\"sameAs\":[\"https:\/\/www.facebook.com\/fabian.wilflingseder\"]}]}<\/script>\n<!-- \/ Yoast SEO plugin. -->","yoast_head_json":{"title":"Trinkspr\u00fcche Amazon Alexa Skill - Wilflingseder Fabian","robots":{"index":"index","follow":"follow","max-snippet":"max-snippet:-1","max-image-preview":"max-image-preview:large","max-video-preview":"max-video-preview:-1"},"canonical":"https:\/\/www.wilflingseder.work\/trinksprueche-amazon-alexa-skill\/","og_locale":"de_DE","og_type":"article","og_title":"Trinkspr\u00fcche Amazon Alexa Skill - Wilflingseder Fabian","og_url":"https:\/\/www.wilflingseder.work\/trinksprueche-amazon-alexa-skill\/","og_site_name":"Wilflingseder Fabian","article_publisher":"https:\/\/www.facebook.com\/fabian.wilflingseder","article_modified_time":"2018-04-03T11:47:20+00:00","og_image":[{"url":"https:\/\/www.wilflingseder.work\/wp-content\/uploads\/2018\/04\/2018-04-03_13h46_22.png","type":"","width":"","height":""}],"twitter_card":"summary_large_image","twitter_misc":{"Gesch\u00e4tzte Lesezeit":"1\u00a0Minute"},"schema":{"@context":"https:\/\/schema.org","@graph":[{"@type":"WebPage","@id":"https:\/\/www.wilflingseder.work\/trinksprueche-amazon-alexa-skill\/","url":"https:\/\/www.wilflingseder.work\/trinksprueche-amazon-alexa-skill\/","name":"Trinkspr\u00fcche Amazon Alexa Skill - Wilflingseder Fabian","isPartOf":{"@id":"https:\/\/www.wilflingseder.work\/de\/#website"},"primaryImageOfPage":{"@id":"https:\/\/www.wilflingseder.work\/trinksprueche-amazon-alexa-skill\/#primaryimage"},"image":{"@id":"https:\/\/www.wilflingseder.work\/trinksprueche-amazon-alexa-skill\/#primaryimage"},"thumbnailUrl":"https:\/\/www.wilflingseder.work\/wp-content\/uploads\/2018\/04\/2018-04-03_13h46_22.png","datePublished":"2018-03-24T20:35:30+00:00","dateModified":"2018-04-03T11:47:20+00:00","breadcrumb":{"@id":"https:\/\/www.wilflingseder.work\/trinksprueche-amazon-alexa-skill\/#breadcrumb"},"inLanguage":"de","potentialAction":[{"@type":"ReadAction","target":["https:\/\/www.wilflingseder.work\/trinksprueche-amazon-alexa-skill\/"]}]},{"@type":"ImageObject","inLanguage":"de","@id":"https:\/\/www.wilflingseder.work\/trinksprueche-amazon-alexa-skill\/#primaryimage","url":"https:\/\/www.wilflingseder.work\/wp-content\/uploads\/2018\/04\/2018-04-03_13h46_22.png","contentUrl":"https:\/\/www.wilflingseder.work\/wp-content\/uploads\/2018\/04\/2018-04-03_13h46_22.png"},{"@type":"BreadcrumbList","@id":"https:\/\/www.wilflingseder.work\/trinksprueche-amazon-alexa-skill\/#breadcrumb","itemListElement":[{"@type":"ListItem","position":1,"name":"Startseite","item":"https:\/\/www.wilflingseder.work\/de\/"},{"@type":"ListItem","position":2,"name":"Trinkspr\u00fcche Amazon Alexa Skill"}]},{"@type":"WebSite","@id":"https:\/\/www.wilflingseder.work\/de\/#website","url":"https:\/\/www.wilflingseder.work\/de\/","name":"Wilflingseder Fabian","description":"4681 Rottenbach","publisher":{"@id":"https:\/\/www.wilflingseder.work\/de\/#organization"},"potentialAction":[{"@type":"SearchAction","target":{"@type":"EntryPoint","urlTemplate":"https:\/\/www.wilflingseder.work\/de\/?s={search_term_string}"},"query-input":{"@type":"PropertyValueSpecification","valueRequired":true,"valueName":"search_term_string"}}],"inLanguage":"de"},{"@type":"Organization","@id":"https:\/\/www.wilflingseder.work\/de\/#organization","name":"Wilflingseder Fabian","url":"https:\/\/www.wilflingseder.work\/de\/","logo":{"@type":"ImageObject","inLanguage":"de","@id":"https:\/\/www.wilflingseder.work\/de\/#\/schema\/logo\/image\/","url":"https:\/\/www.wilflingseder.work\/wp-content\/uploads\/2019\/01\/fw_logo.png","contentUrl":"https:\/\/www.wilflingseder.work\/wp-content\/uploads\/2019\/01\/fw_logo.png","width":153,"height":153,"caption":"Wilflingseder Fabian"},"image":{"@id":"https:\/\/www.wilflingseder.work\/de\/#\/schema\/logo\/image\/"},"sameAs":["https:\/\/www.facebook.com\/fabian.wilflingseder"]}]}},"_links":{"self":[{"href":"https:\/\/www.wilflingseder.work\/de\/wp-json\/wp\/v2\/pages\/218","targetHints":{"allow":["GET"]}}],"collection":[{"href":"https:\/\/www.wilflingseder.work\/de\/wp-json\/wp\/v2\/pages"}],"about":[{"href":"https:\/\/www.wilflingseder.work\/de\/wp-json\/wp\/v2\/types\/page"}],"author":[{"embeddable":true,"href":"https:\/\/www.wilflingseder.work\/de\/wp-json\/wp\/v2\/users\/1"}],"replies":[{"embeddable":true,"href":"https:\/\/www.wilflingseder.work\/de\/wp-json\/wp\/v2\/comments?post=218"}],"version-history":[{"count":9,"href":"https:\/\/www.wilflingseder.work\/de\/wp-json\/wp\/v2\/pages\/218\/revisions"}],"predecessor-version":[{"id":236,"href":"https:\/\/www.wilflingseder.work\/de\/wp-json\/wp\/v2\/pages\/218\/revisions\/236"}],"wp:attachment":[{"href":"https:\/\/www.wilflingseder.work\/de\/wp-json\/wp\/v2\/media?parent=218"}],"curies":[{"name":"wp","href":"https:\/\/api.w.org\/{rel}","templated":true}]}}